{"id":5,"date":"2008-07-14T00:44:57","date_gmt":"2008-07-14T03:44:57","guid":{"rendered":"http:\/\/area75.com.ar\/cardesign\/?page_id=2"},"modified":"2014-11-03T06:11:27","modified_gmt":"2014-11-03T09:11:27","slug":"about-2","status":"publish","type":"page","link":"https:\/\/www.area75.com.ar\/blog\/about-2\/","title":{"rendered":"area75"},"content":{"rendered":"<style>.area75 b, .area75 strong{font-weight:normal !important; color:#FFFFFF;}<\/style>\n<div class=\"area75\" style=\"font-size: 14px !important; color: #999999;\">\n<img decoding=\"async\" src=\"\/blog\/_extras\/_car\/area75.jpg\" style=\"width:100%; height:auto;\"\/><\/p>\n<p>&nbsp;<\/p>\n<p><strong>area75<\/strong> realiza dise\u00f1o integral de imagen para competici\u00f3n, tanto para pilotos, equipos, o categor\u00edas.Carrocer\u00eda \/\u00a0Gr\u00e1fica \/ Buzos, cascos e indumentaria \/ Boxes \/ Carpas \/ Trailers y\u00a0semireemolques \/ Show cars \/ Comunicaci\u00f3n gr\u00e1fica y digital \/ Producci\u00f3n y post-producci\u00f3n de Video \/ Brochures y presentaciones \/ Web \/ Social media \/ Apps.<\/p>\n<p>&nbsp;<\/p>\n<p>\u2022 <span style=\"color: #00ccff;\"><strong>Proyectos<\/strong><\/span><br \/>\n&#8211; Dise\u00f1o del <strong><a href=\"http:\/\/www.area75.com.ar\/blog\/2014\/01\/24\/2014-sport-team-fiat-linea-top-race-series-martin-coulleri\/\">Fiat L\u00ednea Top Race Series<\/a><\/strong> SportTeam del piloto\u00a0<strong>Mart\u00edn Coulleri<\/strong>.<br \/>\n&#8211; Dise\u00f1o del <strong>Honda Civic TC2000<\/strong> SportTeam del piloto\u00a0<strong>Mart\u00edn Coulleri<\/strong>.<br \/>\n&#8211; Dise\u00f1o del <strong><a href=\"http:\/\/www.area75.com.ar\/blog\/2014\/03\/12\/area75-disena-y-esta-presente-en-el-honda-civic-de-tc2000-de-facundo-della-motta-y-sportteam\/\">Honda Civic TC2000<\/a><\/strong> SportTeam del piloto\u00a0<strong>Facundo Della Motta<\/strong>.<br \/>\n&#8211; Dise\u00f1o\u00a0del <strong><a href=\"http:\/\/www.area75.com.ar\/blog\/2014\/10\/29\/renault-clio-rseurocup-2014-facundo-della-motta\/\">Renault Cl\u00edo EuroCup<\/a><\/strong> (World Series by Renault) para el piloto <strong>Facundo Della Motta<\/strong>. Europa 2014.<br \/>\n&#8211;\u00a0Dise\u00f1o de <strong><a href=\"https:\/\/www.behance.net\/gallery\/5008993\/Diseno-de-grafica-para-boxes-TC2000-ano-2011\">boxes y carpas<\/a><\/strong> para la categor\u00eda <strong>TC2000<\/strong>, a\u00f1o 2011.<br \/>\n&#8211; Dise\u00f1o del <strong><a href=\"http:\/\/www.area75.com.ar\/blog\/2010\/12\/15\/dakar-argentina-chile-2011-area75-disena-y-sponsorea-al-equipo-paneus\/\">Paneus DKR<\/a><\/strong> y veh\u00edculos de soporte para el <strong>Equipo Paneus<\/strong>. <strong>Rally Dakar 2011\/2012<\/strong>.<br \/>\n&#8211; Dise\u00f1o del <strong><a href=\"http:\/\/www.area75.com.ar\/blog\/2010\/03\/19\/honda-petrobras-confia-en-area75-el-diseno-del-civic-de-tc2000-para-la-temporada-2010\/\">Honda Civic TC2000<\/a><\/strong> para el <strong>Equipo Honda Petrobras<\/strong> a\u00f1o 2010.<\/p>\n<p>&nbsp;<\/p>\n<p>\u2022 <span style=\"color: #00ccff;\"><strong>Ilustraci\u00f3n<\/strong><\/span><br \/>\n&#8211; Trabajos de Ilustraci\u00f3n para Revista M\u00f3vil (Argentina) &#8211; Car Magazine (Brasil) &#8211; SAE Automotive Engineering (USA) &#8211; Top Car Magazine (South Africa) &#8211; Revista Campeones (Argentina) &#8211; Argentina Auto Blog &#8211; AutoPremium &#8211; Revista Corsa &#8211; Cosas de Autos.<\/p>\n<p>&nbsp;<\/p>\n<p>&#8211; <span style=\"color: #00ccff;\">Contacto:<\/span> <a href=\"mailto:info@area75.com.ar\">info@area75.com.ar<\/a><br \/>\n&#8211; <span style=\"color: #00ccff;\">Facebook:<\/span> <a href=\"http:\/\/www.facebook.com\/area75.design\" target=\"_blank\">http:\/\/www.facebook.com\/area75.design<\/a><br \/>\n&#8211; <span style=\"color: #00ccff;\">Twitter:<\/span> <a href=\"http:\/\/twitter.com\/area75\" target=\"_blank\">http:\/\/twitter.com\/area75<\/a><\/p>\n<\/div>\n","protected":false},"excerpt":{"rendered":"<p>&nbsp; area75 realiza dise\u00f1o integral de imagen para competici\u00f3n, tanto para pilotos, equipos, o categor\u00edas.Carrocer\u00eda \/\u00a0Gr\u00e1fica \/ Buzos, cascos e indumentaria \/ Boxes \/ Carpas \/ Trailers y\u00a0semireemolques \/ Show cars \/ Comunicaci\u00f3n gr\u00e1fica y digital \/ Producci\u00f3n y post-producci\u00f3n de Video \/ Brochures y presentaciones \/ Web \/ Social media \/ Apps. &nbsp; \u2022 [&hellip;]<\/p>\n","protected":false},"author":2,"featured_media":0,"parent":0,"menu_order":0,"comment_status":"closed","ping_status":"closed","template":"","meta":{"footnotes":""},"class_list":["post-5","page","type-page","status-publish","hentry"],"aioseo_notices":[],"_links":{"self":[{"href":"https:\/\/www.area75.com.ar\/blog\/wp-json\/wp\/v2\/pages\/5","targetHints":{"allow":["GET"]}}],"collection":[{"href":"https:\/\/www.area75.com.ar\/blog\/wp-json\/wp\/v2\/pages"}],"about":[{"href":"https:\/\/www.area75.com.ar\/blog\/wp-json\/wp\/v2\/types\/page"}],"author":[{"embeddable":true,"href":"https:\/\/www.area75.com.ar\/blog\/wp-json\/wp\/v2\/users\/2"}],"replies":[{"embeddable":true,"href":"https:\/\/www.area75.com.ar\/blog\/wp-json\/wp\/v2\/comments?post=5"}],"version-history":[{"count":17,"href":"https:\/\/www.area75.com.ar\/blog\/wp-json\/wp\/v2\/pages\/5\/revisions"}],"predecessor-version":[{"id":551,"href":"https:\/\/www.area75.com.ar\/blog\/wp-json\/wp\/v2\/pages\/5\/revisions\/551"}],"wp:attachment":[{"href":"https:\/\/www.area75.com.ar\/blog\/wp-json\/wp\/v2\/media?parent=5"}],"curies":[{"name":"wp","href":"https:\/\/api.w.org\/{rel}","templated":true}]}}